{"id":604,"date":"2023-12-14T13:28:42","date_gmt":"2023-12-14T13:28:42","guid":{"rendered":"https:\/\/www.gabopetfood.com\/politique-de-confidentialite\/"},"modified":"2023-12-14T14:44:17","modified_gmt":"2023-12-14T14:44:17","slug":"privacy-policy","status":"publish","type":"page","link":"https:\/\/gabopetfood.com\/en\/privacy-policy\/","title":{"rendered":"Privacy Policy"},"content":{"rendered":"\n<p><a href=\"https:\/\/gabopetfood.com\">Back to homepage<\/a><\/p>\n\n\n\n<h2 class=\"wp-block-heading\">The purpose of this privacy policy<\/h2>\n\n\n\n<p id=\"C3BVQOY\">The purpose of this privacy policy is to inform users of our site about the personal data we will collect as well as the following information, where applicable:<\/p>\n\n\n\n<ul class=\"wp-block-list\"><li>The personal data we will collect<\/li><li>The use of collected data<\/li><li>Who has access to collected data<\/li><li>The rights of site users<\/li><li>The site\u2019s cookie policy<\/li><\/ul>\n\n\n\n<p>This privacy policy operates in parallel with our site\u2019s terms and conditions of use.<\/p>\n\n\n\n<h2 class=\"wp-block-heading\">Applicable laws<\/h2>\n\n\n\n<p id=\"DG464L5\">This policy complies with the laws set out in the Personal Information Protection and Electronic Documents Act (PIPEDA).<\/p>\n\n\n\n<p><a href=\"https:\/\/laws-lois.justice.gc.ca\/eng\/acts\/p-8.6\/index.html\">Personal Information Protection and Electronic Documents Act<\/a><\/p>\n\n\n\n<h2 class=\"wp-block-heading\">Consent<\/h2>\n\n\n\n<p id=\"OAQLVKO\">Users agree that by using our site, they consent to:<\/p>\n\n\n\n<ul class=\"wp-block-list\"><li>The conditions set out in this privacy policy and<\/li><li>The collection, use, and retention of data listed in this policy.<\/li><\/ul>\n\n\n\n<h2 class=\"wp-block-heading\">Personal data we collect<\/h2>\n\n\n\n<h3 class=\"wp-block-heading\">Data collected automatically.<\/h3>\n\n\n\n<ul class=\"wp-block-list\"><li>Public IP address<\/li><li>Browser type<\/li><\/ul>\n\n\n\n<h3 class=\"wp-block-heading\">Data collected non-automatically<\/h3>\n\n\n\n<p id=\"HXJEWDW\">We may also collect the following data when you perform certain functions on our site:<\/p>\n\n\n\n<ul class=\"wp-block-list\"><li>First name and last name<\/li><li>Email address<\/li><li>Phone number<\/li><li>Company name<\/li><li>Any other data provided in forms<\/li><\/ul>\n\n\n\n<p>This data may be collected using the following methods:<\/p>\n\n\n\n<ul class=\"wp-block-list\"><li>SEO tools<\/li><li>Cookies<\/li><li>Logs and Log Files<\/li><\/ul>\n\n\n\n<p>Please note that we only collect data that helps us achieve the objective stated in this privacy policy. We will not collect additional data without informing you beforehand.<\/p>\n\n\n\n<h2 class=\"wp-block-heading\">How we use personal data<\/h2>\n\n\n\n<p id=\"BRPL30P\">The personal data collected on our site will only be used for the purposes specified in this policy or indicated on the relevant pages of our site. We will not use your data beyond what we disclose.<\/p>\n\n\n\n<p>The data we collect when the user performs certain functions may be used for the following purposes:<\/p>\n\n\n\n<ul class=\"wp-block-list\"><li>Contact Form: To respond to visitors\u2019 requests, questions, or comments.<\/li><li>SEO Tools: To analyze site traffic, understand visitor behavior, and optimize content.<\/li><li>Cookies: To personalize the user experience, remember preferences, and facilitate navigation on the site.<\/li><li>Logs and Log Files: To monitor and maintain site performance, as well as for security and compliance reasons.<\/li><\/ul>\n\n\n\n<h2 class=\"wp-block-heading\">With whom we share personal data<\/h2>\n\n\n\n<h3 class=\"wp-block-heading\" id=\"OULPIGM\">Employees<\/h3>\n\n\n\n<p>We may disclose to any member of our organization the user data that he or she reasonably needs to achieve the objectives set out in this policy.<\/p>\n\n\n\n<h3 class=\"wp-block-heading\">Suppliers and Partners<\/h3>\n\n\n\n<p>We may disclose certain personal data to some of our partners and suppliers for the proper functioning of their systems.<\/p>\n\n\n\n<ul class=\"wp-block-list\"><li>Web providers<\/li><\/ul>\n\n\n\n<h3 class=\"wp-block-heading\">Other disclosures<\/h3>\n\n\n\n<p>We are committed to not selling or sharing your data with third parties, except in the following cases:<\/p>\n\n\n\n<ul class=\"wp-block-list\"><li>If required by law<\/li><li>If required for any legal proceedings<\/li><li>To prove or protect our legal rights<\/li><\/ul>\n\n\n\n<p>If you follow hyperlinks from our site to another site, please note that we are not responsible and have no control over their privacy policies and practices.<\/p>\n\n\n\n<h2 class=\"wp-block-heading\">How long we store personal data<\/h2>\n\n\n\n<p id=\"P7IWDH5\">We do not keep user data beyond what is necessary to achieve the purposes for which it is collected.<\/p>\n\n\n\n<h2 class=\"wp-block-heading\">How we protect your personal data<\/h2>\n\n\n\n<p id=\"AY527OV\">Afin d\u2019assurer la protection de votre s\u00e9curit\u00e9, nous utilisons le protocole de s\u00e9curit\u00e9 de la couche transport pour transmettre des renseignements personnels dans notre syst\u00e8me.<\/p>\n\n\n\n<p>Toutes les donn\u00e9es stock\u00e9es dans notre syst\u00e8me sont bien s\u00e9curis\u00e9es et ne sont accessibles qu\u2019\u00e0 nos employ\u00e9s. Nos employ\u00e9s sont li\u00e9s par des accords de confidentialit\u00e9 stricts et une violation de cet accord entra\u00eenerait le licenciement de l\u2019employ\u00e9.<\/p>\n\n\n\n<p>Alors que nous prenons toutes les pr\u00e9cautions raisonnables pour nous assurer que nos donn\u00e9es d\u2019utilisateur sont s\u00e9curis\u00e9es et que les utilisateurs sont prot\u00e9g\u00e9s, il reste toujours du risque de pr\u00e9judice. L\u2019Internet en sa totalit\u00e9 peut \u00eatre, parfois, peu s\u00fbr et donc nous sommes incapables de garantir la s\u00e9curit\u00e9 des donn\u00e9es des utilisateurs au-del\u00e0 de ce qui est raisonnablement pratique.<\/p>\n\n\n\n<h2 class=\"wp-block-heading\">Your rights as a user<\/h2>\n\n\n\n<p>As a user, you have the right to access all your personal data that we have collected. In addition, you have the right to update or correct any personal data in our possession provided it is acceptable under the law. You may choose to delete or modify your consent to the collection and use of data at any time, provided it is legally acceptable to do so, and you have informed us within a reasonable time.<\/p>\n\n\n\n<h2 class=\"wp-block-heading\">How to modify, delete or contest collected data<\/h2>\n\n\n\n<p id=\"BCEC598\">If you wish your information to be deleted or modified in any way, please contact us.<\/p>\n\n\n\n<h2 class=\"wp-block-heading\">Modifications<\/h2>\n\n\n\n<p id=\"FLT5H05\">This privacy policy may be modified from time to time to maintain compliance with the law and to reflect any changes to our data collection process. We recommend that our users check our policy from time to time to ensure that they are informed of any updates. If necessary, we may inform users by email of changes to this policy.<\/p>\n\n\n\n<h2 class=\"wp-block-heading\">Contact<\/h2>\n\n\n\n<p>For any questions related to the protection of your personal information or to exercise your rights in this regard, please do not hesitate to contact our Privacy Officer at the following coordinates:<\/p>\n\n\n\n<p>Address: 300 rang des \u00e9cossais, sainte-brigide-d\u2019iberville, QC J0J 1X0<\/p>\n\n\n\n<p id=\"MK1TFM2\">Email:&nbsp;<a href=\"mailto:info@gblpetbrands.com\">info@gblpetbrands.com<\/a><a href=\"mailto:info@gblpetbrands.com\">mailto:info@gblpetbrands.com<\/a><\/p>\n\n\n\n<p>Effective date: September 25, 2023<\/p>\n\n\n\n<p><a href=\"https:\/\/gabopetfood.com\">Back to homepage<\/a><\/p>\n","protected":false},"excerpt":{"rendered":"<p>Back to homepage The purpose of this privacy policy The purpose of this privacy policy is to inform users of&#8230;<\/p>\n","protected":false},"author":2,"featured_media":0,"parent":0,"menu_order":0,"comment_status":"closed","ping_status":"closed","template":"","meta":{"_acf_changed":false,"footnotes":""},"class_list":["post-604","page","type-page","status-publish","hentry"],"acf":[],"yoast_head":"<!-- This site is optimized with the Yoast SEO plugin v27.4 - https:\/\/yoast.com\/product\/yoast-seo-wordpress\/ -->\n<title>Privacy Policy - Gabo :<\/title>\n<meta name=\"robots\" content=\"index, follow, max-snippet:-1, max-image-preview:large, max-video-preview:-1\" \/>\n<link rel=\"canonical\" href=\"https:\/\/www.gabopetfood.com\/en\/privacy-policy\/\" \/>\n<meta property=\"og:locale\" content=\"en_US\" \/>\n<meta property=\"og:type\" content=\"article\" \/>\n<meta property=\"og:title\" content=\"Privacy Policy - Gabo :\" \/>\n<meta property=\"og:description\" content=\"Back to homepage The purpose of this privacy policy The purpose of this privacy policy is to inform users of...\" \/>\n<meta property=\"og:url\" content=\"https:\/\/www.gabopetfood.com\/en\/privacy-policy\/\" \/>\n<meta property=\"og:site_name\" content=\"Gabo :\" \/>\n<meta property=\"article:modified_time\" content=\"2023-12-14T14:44:17+00:00\" \/>\n<meta name=\"twitter:card\" content=\"summary_large_image\" \/>\n<meta name=\"twitter:label1\" content=\"Est. reading time\" \/>\n\t<meta name=\"twitter:data1\" content=\"5 minutes\" \/>\n<script type=\"application\/ld+json\" class=\"yoast-schema-graph\">{\"@context\":\"https:\\\/\\\/schema.org\",\"@graph\":[{\"@type\":\"WebPage\",\"@id\":\"https:\\\/\\\/www.gabopetfood.com\\\/en\\\/privacy-policy\\\/\",\"url\":\"https:\\\/\\\/www.gabopetfood.com\\\/en\\\/privacy-policy\\\/\",\"name\":\"Privacy Policy - Gabo :\",\"isPartOf\":{\"@id\":\"https:\\\/\\\/www.gabopetfood.com\\\/#website\"},\"datePublished\":\"2023-12-14T13:28:42+00:00\",\"dateModified\":\"2023-12-14T14:44:17+00:00\",\"breadcrumb\":{\"@id\":\"https:\\\/\\\/www.gabopetfood.com\\\/en\\\/privacy-policy\\\/#breadcrumb\"},\"inLanguage\":\"en-US\",\"potentialAction\":[{\"@type\":\"ReadAction\",\"target\":[\"https:\\\/\\\/www.gabopetfood.com\\\/en\\\/privacy-policy\\\/\"]}]},{\"@type\":\"BreadcrumbList\",\"@id\":\"https:\\\/\\\/www.gabopetfood.com\\\/en\\\/privacy-policy\\\/#breadcrumb\",\"itemListElement\":[{\"@type\":\"ListItem\",\"position\":1,\"name\":\"Home\",\"item\":\"https:\\\/\\\/www.gabopetfood.com\\\/en\\\/\"},{\"@type\":\"ListItem\",\"position\":2,\"name\":\"Privacy Policy\"}]},{\"@type\":\"WebSite\",\"@id\":\"https:\\\/\\\/www.gabopetfood.com\\\/#website\",\"url\":\"https:\\\/\\\/www.gabopetfood.com\\\/\",\"name\":\"Gabo :\",\"description\":\"Nourriture de qualit\u00e9 \u00e0 prix abordable pour chiens et chats\",\"potentialAction\":[{\"@type\":\"SearchAction\",\"target\":{\"@type\":\"EntryPoint\",\"urlTemplate\":\"https:\\\/\\\/www.gabopetfood.com\\\/?s={search_term_string}\"},\"query-input\":{\"@type\":\"PropertyValueSpecification\",\"valueRequired\":true,\"valueName\":\"search_term_string\"}}],\"inLanguage\":\"en-US\"}]}<\/script>\n<!-- \/ Yoast SEO plugin. -->","yoast_head_json":{"title":"Privacy Policy - Gabo :","robots":{"index":"index","follow":"follow","max-snippet":"max-snippet:-1","max-image-preview":"max-image-preview:large","max-video-preview":"max-video-preview:-1"},"canonical":"https:\/\/www.gabopetfood.com\/en\/privacy-policy\/","og_locale":"en_US","og_type":"article","og_title":"Privacy Policy - Gabo :","og_description":"Back to homepage The purpose of this privacy policy The purpose of this privacy policy is to inform users of...","og_url":"https:\/\/www.gabopetfood.com\/en\/privacy-policy\/","og_site_name":"Gabo :","article_modified_time":"2023-12-14T14:44:17+00:00","twitter_card":"summary_large_image","twitter_misc":{"Est. reading time":"5 minutes"},"schema":{"@context":"https:\/\/schema.org","@graph":[{"@type":"WebPage","@id":"https:\/\/www.gabopetfood.com\/en\/privacy-policy\/","url":"https:\/\/www.gabopetfood.com\/en\/privacy-policy\/","name":"Privacy Policy - Gabo :","isPartOf":{"@id":"https:\/\/www.gabopetfood.com\/#website"},"datePublished":"2023-12-14T13:28:42+00:00","dateModified":"2023-12-14T14:44:17+00:00","breadcrumb":{"@id":"https:\/\/www.gabopetfood.com\/en\/privacy-policy\/#breadcrumb"},"inLanguage":"en-US","potentialAction":[{"@type":"ReadAction","target":["https:\/\/www.gabopetfood.com\/en\/privacy-policy\/"]}]},{"@type":"BreadcrumbList","@id":"https:\/\/www.gabopetfood.com\/en\/privacy-policy\/#breadcrumb","itemListElement":[{"@type":"ListItem","position":1,"name":"Home","item":"https:\/\/www.gabopetfood.com\/en\/"},{"@type":"ListItem","position":2,"name":"Privacy Policy"}]},{"@type":"WebSite","@id":"https:\/\/www.gabopetfood.com\/#website","url":"https:\/\/www.gabopetfood.com\/","name":"Gabo :","description":"Nourriture de qualit\u00e9 \u00e0 prix abordable pour chiens et chats","potentialAction":[{"@type":"SearchAction","target":{"@type":"EntryPoint","urlTemplate":"https:\/\/www.gabopetfood.com\/?s={search_term_string}"},"query-input":{"@type":"PropertyValueSpecification","valueRequired":true,"valueName":"search_term_string"}}],"inLanguage":"en-US"}]}},"_links":{"self":[{"href":"https:\/\/gabopetfood.com\/en\/wp-json\/wp\/v2\/pages\/604","targetHints":{"allow":["GET"]}}],"collection":[{"href":"https:\/\/gabopetfood.com\/en\/wp-json\/wp\/v2\/pages"}],"about":[{"href":"https:\/\/gabopetfood.com\/en\/wp-json\/wp\/v2\/types\/page"}],"author":[{"embeddable":true,"href":"https:\/\/gabopetfood.com\/en\/wp-json\/wp\/v2\/users\/2"}],"replies":[{"embeddable":true,"href":"https:\/\/gabopetfood.com\/en\/wp-json\/wp\/v2\/comments?post=604"}],"version-history":[{"count":0,"href":"https:\/\/gabopetfood.com\/en\/wp-json\/wp\/v2\/pages\/604\/revisions"}],"wp:attachment":[{"href":"https:\/\/gabopetfood.com\/en\/wp-json\/wp\/v2\/media?parent=604"}],"curies":[{"name":"wp","href":"https:\/\/api.w.org\/{rel}","templated":true}]}}